{"id":13,"date":"2015-05-13T10:14:23","date_gmt":"2015-05-13T10:14:23","guid":{"rendered":"http:\/\/demo.select-themes.com\/capri1\/?page_id=13"},"modified":"2023-02-16T11:35:36","modified_gmt":"2023-02-16T11:35:36","slug":"elealcuadrado","status":"publish","type":"page","link":"https:\/\/elealcuadradodg.com\/portal\/elealcuadrado\/","title":{"rendered":"Elealcuadrado"},"content":{"rendered":"<p>[vc_row row_type=\u00bbparallax\u00bb type=\u00bbgrid\u00bb text_align=\u00bbcenter\u00bb background_image=\u00bb51548&#8243; full_screen_section_height=\u00bbno\u00bb section_height=\u00bb630&#8243; oblique_section=\u00bbno\u00bb oblique_section_top_and_bottom=\u00bbboth\u00bb oblique_section_position=\u00bbfrom_left_to_right\u00bb triangle_shape=\u00bbno\u00bb triangle_shape_position=\u00bbboth\u00bb][vc_column][vc_separator type=\u00bbtransparent\u00bb up=\u00bb150&#8243; up_style=\u00bbpx\u00bb down=\u00bb0&#8243; down_style=\u00bbpx\u00bb]<div class=\"custom_font_holder\" style=\"font-family: Montserrat; font-size: 135px; line-height: 140px; font-style: normal; font-weight: 700; color: #141c32; text-decoration: none; letter-spacing: -2px;; text-transform: capitalize; text-align: center\" data-font-size=135 data-line-height=140 ><div  ><p>\u00c1lvaro Collar<\/p>\n<\/div><\/div>[vc_separator type=\u00bbtransparent\u00bb up=\u00bb12&#8243; up_style=\u00bbpx\u00bb down=\u00bb0&#8243; down_style=\u00bbpx\u00bb]<div class=\"custom_font_holder\" style=\"font-family: Georgia; font-size: 32px; line-height: 40px; font-style: italic; font-weight: 400; color: #161d33; text-decoration: none; letter-spacing: 0px;; text-transform: capitalize; text-align: center\" data-font-size=32 data-line-height=40 ><div  ><p>Dise\u00f1ador Gr\u00e1fico<\/p>\n<\/div><\/div>[\/vc_column][\/vc_row][vc_row row_type=\u00bbrow\u00bb use_row_as_full_screen_section=\u00bbno\u00bb type=\u00bbgrid\u00bb text_align=\u00bbcenter\u00bb padding_bottom=\u00bb97&#8243; css_animation=\u00bb\u00bb box_shadow_on_row=\u00bbno\u00bb oblique_section=\u00bbno\u00bb oblique_section_top_and_bottom=\u00bbboth\u00bb oblique_section_position=\u00bbfrom_left_to_right\u00bb triangle_shape=\u00bbno\u00bb triangle_shape_position=\u00bbboth\u00bb triangle_shape_color=\u00bbboth\u00bb el_class=\u00bbcustom_image\u00bb][vc_column][vc_separator type=\u00bbtransparent\u00bb up=\u00bb-19&#8243; up_style=\u00bb%\u00bb down=\u00bb0&#8243; down_style=\u00bbpx\u00bb][vc_single_image image=\u00bb51531&#8243; img_size=\u00bbfull\u00bb alignment=\u00bbcenter\u00bb qode_css_animation=\u00bb\u00bb][vc_separator type=\u00bbtransparent\u00bb up=\u00bb53&#8243; up_style=\u00bbpx\u00bb down=\u00bb0&#8243; down_style=\u00bbpx\u00bb][vc_column_text]<\/p>\n<h2><\/h2>\n<h2>Dar visi\u00f3n a tus ideas<\/h2>\n<h2>es mi objetivo.<\/h2>\n<p>[\/vc_column_text][vc_separator type=\u00bbsmall\u00bb position=\u00bbcenter\u00bb up=\u00bb28&#8243; up_style=\u00bbpx\u00bb down=\u00bb36&#8243; down_style=\u00bbpx\u00bb][vc_column_text css=\u00bb.vc_custom_1674474144916{padding-right: 9% !important;padding-left: 9% !important;}\u00bb]Un l\u00e1piz y una hoja en blanco, todo lo que necesitaba siempre en mis ratos libres -y no tan libres- para esbozar todas las ideas creativas que pasaban por mi cabeza.<\/p>\n<p>Soy \u00c1lvaro Collar,\u00a0<strong>Dise\u00f1ador Gr\u00e1fico Freelance<\/strong>, y qui\u00e9n est\u00e1 detr\u00e1s del estudio\u00a0<em>Elealcuadrado<\/em>. Desde ni\u00f1o siempre estuve buscando c\u00f3mo dar forma a mis intereses, y descubrir esta profesi\u00f3n me ha permitido unir todos estos conceptos. Me titul\u00e9 en el\u00a0<strong>Grado\u00a0de Dise\u00f1o Gr\u00e1fico en la Escuela de Arte y Superior de Dise\u00f1o Ram\u00f3n Falc\u00f3n<\/strong>\u00a0en Lugo; as\u00ed como he ido realizando cursos en Dise\u00f1o Web e Ilustraci\u00f3n. Por supuesto, mi continua inquietud no me permite dejar a un lado mi\u00a0<strong>formaci\u00f3n<\/strong>, y siempre que puedo sigo ampliando mis conocimientos. Es por ello por lo que estos \u00abCerebros Gr\u00e1ficos\u00bb que ves, nunca llegar\u00e1n a estar completos; al contrario, seguramente aparezca alguno nuevo\u2026<\/p>\n<p>Tambi\u00e9n colaboro desde hace un a\u00f1o con el grupo\u00a0<em>Tedra Group<\/em>\u00a0junto al que he realizado trabajos para diversas empresas, lo cual me ha impulsado a aventurarme y meterme de lleno en lo que me apasiona, trabajando siempre mano a mano con el cliente.<\/p>\n<p>Ahora que ya sabes un poco m\u00e1s de m\u00ed, quiero que seas t\u00fa el que me cuente sus ideas para que te pueda ayudar a resolverlas de la forma m\u00e1s comunicativa posible.[\/vc_column_text][\/vc_column][\/vc_row][vc_row row_type=\u00bbrow\u00bb use_row_as_full_screen_section=\u00bbno\u00bb type=\u00bbgrid\u00bb text_align=\u00bbcenter\u00bb background_color=\u00bb#fafafa\u00bb padding_top=\u00bb101&#8243; padding_bottom=\u00bb52&#8243; css_animation=\u00bb\u00bb box_shadow_on_row=\u00bbno\u00bb oblique_section=\u00bbno\u00bb oblique_section_top_and_bottom=\u00bbboth\u00bb oblique_section_position=\u00bbfrom_left_to_right\u00bb triangle_shape=\u00bbno\u00bb triangle_shape_position=\u00bbboth\u00bb][vc_column width=\u00bb1\/2&#8243; offset=\u00bbvc_col-lg-3 vc_col-md-3 vc_col-xs-12&#8243;]<div class=\"q_pie_chart_with_icon_holder\"><div class=\"q_percentage_with_icon\" data-percent=\"95\" data-linewidth=\"15\"  data-size=\"180\" data-active=\"#1d2642\" data-noactive=\"#ffffff\"><i class=\"qode_icon_simple_line_icon icon-energy qode_tiny_icon\" style=\" font-size: 48px; color: #ffd300\" ><\/i><\/div><div class=\"pie_chart_text\"><h5 class=\"pie_title\" style=\"margin-bottom: 27px;\">Creatividad<\/h5><p  style=\"color: #a9a9a9;\">BrainStorming - Identidad - Creaci\u00f3n<\/p><\/div><\/div>[vc_separator type=\u00bbtransparent\u00bb up=\u00bb40&#8243; up_style=\u00bbpx\u00bb down=\u00bb0&#8243; down_style=\u00bbpx\u00bb][\/vc_column][vc_column width=\u00bb1\/2&#8243; offset=\u00bbvc_col-lg-3 vc_col-md-3 vc_col-xs-12&#8243;]<div class=\"q_pie_chart_with_icon_holder\"><div class=\"q_percentage_with_icon\" data-percent=\"85\" data-linewidth=\"15\"  data-size=\"180\" data-active=\"#1d2642\" data-noactive=\"#ffffff\"><i class=\"qode_icon_simple_line_icon icon-screen-tablet qode_tiny_icon\" style=\" font-size: 48px; color: #ffd300\" ><\/i><\/div><div class=\"pie_chart_text\"><h5 class=\"pie_title\" style=\"margin-bottom: 27px;\">Adobe y Procreate<\/h5><p  style=\"color: #a9a9a9;\">Illustrator - Photoshop - Indesign - Procreate - AfterEffects - Premiere<\/p><\/div><\/div>[vc_separator type=\u00bbtransparent\u00bb up=\u00bb40&#8243; up_style=\u00bbpx\u00bb down=\u00bb0&#8243; down_style=\u00bbpx\u00bb][\/vc_column][vc_column width=\u00bb1\/2&#8243; offset=\u00bbvc_col-lg-3 vc_col-md-3 vc_col-xs-12&#8243;]<div class=\"q_pie_chart_with_icon_holder\"><div class=\"q_percentage_with_icon\" data-percent=\"60\" data-linewidth=\"15\"  data-size=\"180\" data-active=\"#1d2642\" data-noactive=\"#ffffff\"><i class=\"qode_icon_dripicons dripicon dripicon-monitor qode_tiny_icon\" style=\" font-size: 48px; color: #ffd300\" ><\/i><\/div><div class=\"pie_chart_text\"><h5 class=\"pie_title\" style=\"margin-bottom: 27px;\">Web<\/h5><p  style=\"color: #a9a9a9;\">Front end - HTML5 - Css3 - UX<\/p><\/div><\/div>[vc_separator type=\u00bbtransparent\u00bb up=\u00bb40&#8243; up_style=\u00bbpx\u00bb down=\u00bb0&#8243; down_style=\u00bbpx\u00bb][\/vc_column][vc_column width=\u00bb1\/2&#8243; offset=\u00bbvc_col-lg-3 vc_col-md-3 vc_col-xs-12&#8243;]<div class=\"q_pie_chart_with_icon_holder\"><div class=\"q_percentage_with_icon\" data-percent=\"75\" data-linewidth=\"15\"  data-size=\"180\" data-active=\"#1d2642\" data-noactive=\"#ffffff\"><i class=\"qode_icon_ion_icon ion-social-instagram qode_tiny_icon\" style=\" font-size: 48px; color: #ffd300\" ><\/i><\/div><div class=\"pie_chart_text\"><h5 class=\"pie_title\" style=\"margin-bottom: 27px;\">Social Media<\/h5><p  style=\"color: #a9a9a9;\">Redes sociales - Blogs - Estrategias Publicitarias<\/p><\/div><\/div>[vc_separator type=\u00bbtransparent\u00bb up=\u00bb40&#8243; up_style=\u00bbpx\u00bb down=\u00bb0&#8243; down_style=\u00bbpx\u00bb][\/vc_column][\/vc_row][vc_row row_type=\u00bbparallax\u00bb type=\u00bbgrid\u00bb text_align=\u00bbcenter\u00bb background_image=\u00bb51540&#8243; full_screen_section_height=\u00bbno\u00bb section_height=\u00bb380&#8243; oblique_section=\u00bbno\u00bb oblique_section_top_and_bottom=\u00bbboth\u00bb oblique_section_position=\u00bbfrom_left_to_right\u00bb triangle_shape=\u00bbno\u00bb triangle_shape_position=\u00bbboth\u00bb][vc_column width=\u00bb1\/2&#8243; offset=\u00bbvc_col-lg-3 vc_col-md-3 vc_col-xs-12&#8243;][vc_separator type=\u00bbtransparent\u00bb up=\u00bb100&#8243; up_style=\u00bbpx\u00bb down=\u00bb0&#8243; down_style=\u00bbpx\u00bb][\/vc_column][vc_column width=\u00bb1\/2&#8243; offset=\u00bbvc_col-lg-3 vc_col-md-3 vc_col-xs-12&#8243;][vc_separator type=\u00bbtransparent\u00bb up=\u00bb100&#8243; up_style=\u00bbpx\u00bb down=\u00bb0&#8243; down_style=\u00bbpx\u00bb][\/vc_column][vc_column width=\u00bb1\/2&#8243; offset=\u00bbvc_col-lg-3 vc_col-md-3 vc_col-xs-12&#8243;][vc_separator type=\u00bbtransparent\u00bb up=\u00bb100&#8243; up_style=\u00bbpx\u00bb down=\u00bb0&#8243; down_style=\u00bbpx\u00bb][\/vc_column][vc_column width=\u00bb1\/2&#8243; offset=\u00bbvc_col-lg-3 vc_col-md-3 vc_col-xs-12&#8243;][vc_separator type=\u00bbtransparent\u00bb up=\u00bb100&#8243; up_style=\u00bbpx\u00bb down=\u00bb0&#8243; down_style=\u00bbpx\u00bb][\/vc_column][\/vc_row][vc_row row_type=\u00bbrow\u00bb use_row_as_full_screen_section=\u00bbno\u00bb type=\u00bbgrid\u00bb text_align=\u00bbcenter\u00bb padding_top=\u00bb84&#8243; padding_bottom=\u00bb82&#8243; css_animation=\u00bb\u00bb box_shadow_on_row=\u00bbno\u00bb oblique_section=\u00bbno\u00bb oblique_section_top_and_bottom=\u00bbboth\u00bb oblique_section_position=\u00bbfrom_left_to_right\u00bb triangle_shape=\u00bbno\u00bb triangle_shape_position=\u00bbboth\u00bb][vc_column][vc_column_text]<\/p>\n<h2>Clientes<\/h2>\n<p>[\/vc_column_text][vc_separator type=\u00bbsmall\u00bb position=\u00bbcenter\u00bb up=\u00bb28&#8243; up_style=\u00bbpx\u00bb down=\u00bb36&#8243; down_style=\u00bbpx\u00bb][vc_column_text css=\u00bb.vc_custom_1674568411352{padding-right: 14% !important;padding-left: 14% !important;}\u00bb]Desde empresas inform\u00e1ticas hasta sociedades m\u00e9dicas as\u00ed como m\u00faltiples clientes particulares. Sea cual sea tu idea, en este estudio siempre se trabajar\u00e1 por desarrollarla y adaptarla a tu negocio.[\/vc_column_text][vc_separator type=\u00bbtransparent\u00bb up=\u00bb46&#8243; up_style=\u00bbpx\u00bb down=\u00bb0&#8243; down_style=\u00bbpx\u00bb]<div class='qode_carousels_holder clearfix '><div class='qode_carousels'  data-number_of_items='5'><ul class='slides'><li class='item'><div class=\"carousel_item_holder\" ><div class=\"carousel_item_holder_inner\" ><a href='https:\/\/www.tedra.es\/' target='_self'><span class='first_image_holder hover_zoom has_hover_image'><img src='https:\/\/elealcuadradodg.com\/portal\/wp-content\/uploads\/2023\/01\/weblogotedragrisfondo.png' alt='carousel-grey-1'><\/span><span class='second_image_holder hover_zoom has_hover_image'><img src='https:\/\/elealcuadradodg.com\/portal\/wp-content\/uploads\/2023\/01\/weblogotedranegrofondo.png' alt='carousel-grey-1'><\/span><\/a><\/div><\/div><\/li><li class='item'><div class=\"carousel_item_holder\" ><div class=\"carousel_item_holder_inner\" ><a href='http:\/\/cirugiaplasticagallega.es\/portal\/' target='_self'><span class='first_image_holder hover_zoom has_hover_image has_hover_image'><img src='https:\/\/elealcuadradodg.com\/portal\/wp-content\/uploads\/2023\/01\/weblogosgcpregrisfondo.png' alt='carousel-grey-2'><\/span><span class='second_image_holder hover_zoom has_hover_image has_hover_image'><img src='https:\/\/elealcuadradodg.com\/portal\/wp-content\/uploads\/2023\/01\/weblogosgcprenegrofondo.png' alt='carousel-grey-2'><\/span><\/a><\/div><\/div><\/li><li class='item'><div class=\"carousel_item_holder\" ><div class=\"carousel_item_holder_inner\" ><a href='http:\/\/www.alvarezyasociados.com\/home\/' target='_self'><span class='first_image_holder hover_zoom has_hover_image has_hover_image has_hover_image'><img src='https:\/\/elealcuadradodg.com\/portal\/wp-content\/uploads\/2023\/01\/weblogoclinicaalvarezgris.png' alt='carousel-grey-3'><\/span><span class='second_image_holder hover_zoom has_hover_image has_hover_image has_hover_image'><img src='https:\/\/elealcuadradodg.com\/portal\/wp-content\/uploads\/2023\/01\/weblogoclinicalvareznegro.png' alt='carousel-grey-3'><\/span><\/a><\/div><\/div><\/li><li class='item'><div class=\"carousel_item_holder\" ><div class=\"carousel_item_holder_inner\" ><a href='http:\/\/miudinhovet.com\/' target='_self'><span class='first_image_holder hover_zoom has_hover_image has_hover_image has_hover_image has_hover_image'><img src='https:\/\/elealcuadradodg.com\/portal\/wp-content\/uploads\/2023\/01\/weblogomiudinogris.png' alt='carousel-grey-4'><\/span><span class='second_image_holder hover_zoom has_hover_image has_hover_image has_hover_image has_hover_image'><img src='https:\/\/elealcuadradodg.com\/portal\/wp-content\/uploads\/2023\/01\/weblogomiudinonegro.png' alt='carousel-grey-4'><\/span><\/a><\/div><\/div><\/li><li class='item'><div class=\"carousel_item_holder\" ><div class=\"carousel_item_holder_inner\" ><a href='https:\/\/www.quironsalud.es\/migueldominguez' target='_self'><span class='first_image_holder hover_zoom has_hover_image has_hover_image has_hover_image has_hover_image has_hover_image'><img src='https:\/\/elealcuadradodg.com\/portal\/wp-content\/uploads\/2023\/01\/weblogoquironsaludgris.png' alt='carousel-grey-5'><\/span><span class='second_image_holder hover_zoom has_hover_image has_hover_image has_hover_image has_hover_image has_hover_image'><img src='https:\/\/elealcuadradodg.com\/portal\/wp-content\/uploads\/2023\/01\/weblogoquironsaludnegro.png' alt='carousel-grey-5'><\/span><\/a><\/div><\/div><\/li><li class='item'><div class=\"carousel_item_holder\" ><div class=\"carousel_item_holder_inner\" ><a href='https:\/\/givesensations.es\/' target='_self'><span class='first_image_holder hover_zoom has_hover_image has_hover_image has_hover_image has_hover_image has_hover_image has_hover_image'><img src='https:\/\/elealcuadradodg.com\/portal\/wp-content\/uploads\/2023\/01\/weblogogivesensationsgris.png' alt='carousel-grey-6'><\/span><span class='second_image_holder hover_zoom has_hover_image has_hover_image has_hover_image has_hover_image has_hover_image has_hover_image'><img src='https:\/\/elealcuadradodg.com\/portal\/wp-content\/uploads\/2023\/01\/weblogogivesensationsnegro.png' alt='carousel-grey-6'><\/span><\/a><\/div><\/div><\/li><li class='item'><div class=\"carousel_item_holder\" ><div class=\"carousel_item_holder_inner\" ><a href='https:\/\/elenamanzano.com\/' target='_self'><span class='first_image_holder hover_zoom has_hover_image has_hover_image has_hover_image has_hover_image has_hover_image has_hover_image has_hover_image'><img src='https:\/\/elealcuadradodg.com\/portal\/wp-content\/uploads\/2023\/01\/weblogoelenamanzanogris.png' alt='carousel-grey-7'><\/span><span class='second_image_holder hover_zoom has_hover_image has_hover_image has_hover_image has_hover_image has_hover_image has_hover_image has_hover_image'><img src='https:\/\/elealcuadradodg.com\/portal\/wp-content\/uploads\/2023\/01\/weblogoelenamanzanonegro.png' alt='carousel-grey-7'><\/span><\/a><\/div><\/div><\/li><li class='item'><div class=\"carousel_item_holder\" ><div class=\"carousel_item_holder_inner\" ><a href='https:\/\/concellodelugo.gal\/' target='_self'><span class='first_image_holder hover_zoom has_hover_image has_hover_image has_hover_image has_hover_image has_hover_image has_hover_image has_hover_image has_hover_image'><img src='https:\/\/elealcuadradodg.com\/portal\/wp-content\/uploads\/2023\/01\/weblogoconcellodelugogris.png' alt='carousel-grey-8'><\/span><span class='second_image_holder hover_zoom has_hover_image has_hover_image has_hover_image has_hover_image has_hover_image has_hover_image has_hover_image has_hover_image'><img src='https:\/\/elealcuadradodg.com\/portal\/wp-content\/uploads\/2023\/01\/weblogoconcellodelugonegro.png' alt='carousel-grey-8'><\/span><\/a><\/div><\/div><\/li><li class='item'><div class=\"carousel_item_holder\" ><div class=\"carousel_item_holder_inner\" ><a href='https:\/\/yogadanza.es\/' target='_self'><span class='first_image_holder hover_zoom has_hover_image has_hover_image has_hover_image has_hover_image has_hover_image has_hover_image has_hover_image has_hover_image has_hover_image'><img src='https:\/\/elealcuadradodg.com\/portal\/wp-content\/uploads\/2023\/01\/weblogoyogadanzagris.png' alt='carousel-grey-9'><\/span><span class='second_image_holder hover_zoom has_hover_image has_hover_image has_hover_image has_hover_image has_hover_image has_hover_image has_hover_image has_hover_image has_hover_image'><img src='https:\/\/elealcuadradodg.com\/portal\/wp-content\/uploads\/2023\/01\/weblogoyogadanzanegro.png' alt='carousel-grey-9'><\/span><\/a><\/div><\/div><\/li><li class='item'><div class=\"carousel_item_holder\" ><div class=\"carousel_item_holder_inner\" ><a href='https:\/\/vincios.org\/es' target='_self'><span class='first_image_holder hover_zoom has_hover_image has_hover_image has_hover_image has_hover_image has_hover_image has_hover_image has_hover_image has_hover_image has_hover_image has_hover_image'><img src='https:\/\/elealcuadradodg.com\/portal\/wp-content\/uploads\/2023\/01\/weblogocomunidademontesvinciosgris.png' alt='carousel-grey-10'><\/span><span class='second_image_holder hover_zoom has_hover_image has_hover_image has_hover_image has_hover_image has_hover_image has_hover_image has_hover_image has_hover_image has_hover_image has_hover_image'><img src='https:\/\/elealcuadradodg.com\/portal\/wp-content\/uploads\/2023\/01\/weblogocomunidademontedevinciosnegro.png' alt='carousel-grey-10'><\/span><\/a><\/div><\/div><\/li><li class='item'><div class=\"carousel_item_holder\" ><div class=\"carousel_item_holder_inner\" ><a href='https:\/\/www.fidelidade.es\/ES\/seguros\/Paginas\/fidelidade-espa%C3%B1a.aspx' target='_self'><span class='first_image_holder hover_zoom has_hover_image has_hover_image has_hover_image has_hover_image has_hover_image has_hover_image has_hover_image has_hover_image has_hover_image has_hover_image has_hover_image'><img src='https:\/\/elealcuadradodg.com\/portal\/wp-content\/uploads\/2023\/01\/weblogofidelidadegris.png' alt='carousel-grey-11'><\/span><span class='second_image_holder hover_zoom has_hover_image has_hover_image has_hover_image has_hover_image has_hover_image has_hover_image has_hover_image has_hover_image has_hover_image has_hover_image has_hover_image'><img src='https:\/\/elealcuadradodg.com\/portal\/wp-content\/uploads\/2023\/01\/weblogofidelidadenegro.png' alt='carousel-grey-11'><\/span><\/a><\/div><\/div><\/li><\/ul><\/div><\/div>[\/vc_column][\/vc_row]<\/p>\n","protected":false},"excerpt":{"rendered":"<p>[vc_row row_type=\u00bbparallax\u00bb type=\u00bbgrid\u00bb text_align=\u00bbcenter\u00bb background_image=\u00bb51548&#8243; full_screen_section_height=\u00bbno\u00bb section_height=\u00bb630&#8243; oblique_section=\u00bbno\u00bb oblique_section_top_and_bottom=\u00bbboth\u00bb oblique_section_position=\u00bbfrom_left_to_right\u00bb triangle_shape=\u00bbno\u00bb triangle_shape_position=\u00bbboth\u00bb][vc_column][vc_separator type=\u00bbtransparent\u00bb up=\u00bb150&#8243; up_style=\u00bbpx\u00bb down=\u00bb0&#8243; down_style=\u00bbpx\u00bb][vc_separator type=\u00bbtransparent\u00bb up=\u00bb12&#8243; up_style=\u00bbpx\u00bb down=\u00bb0&#8243; down_style=\u00bbpx\u00bb][\/vc_column][\/vc_row][vc_row row_type=\u00bbrow\u00bb use_row_as_full_screen_section=\u00bbno\u00bb type=\u00bbgrid\u00bb text_align=\u00bbcenter\u00bb padding_bottom=\u00bb97&#8243; css_animation=\u00bb\u00bb box_shadow_on_row=\u00bbno\u00bb oblique_section=\u00bbno\u00bb oblique_section_top_and_bottom=\u00bbboth\u00bb oblique_section_position=\u00bbfrom_left_to_right\u00bb triangle_shape=\u00bbno\u00bb triangle_shape_position=\u00bbboth\u00bb triangle_shape_color=\u00bbboth\u00bb el_class=\u00bbcustom_image\u00bb][vc_column][vc_separator type=\u00bbtransparent\u00bb up=\u00bb-19&#8243; up_style=\u00bb%\u00bb down=\u00bb0&#8243; down_style=\u00bbpx\u00bb][vc_single_image image=\u00bb51531&#8243; img_size=\u00bbfull\u00bb alignment=\u00bbcenter\u00bb qode_css_animation=\u00bb\u00bb][vc_separator&#8230;<\/p>\n","protected":false},"author":1,"featured_media":0,"parent":0,"menu_order":0,"comment_status":"open","ping_status":"open","template":"full_width.php","meta":{"footnotes":""},"class_list":["post-13","page","type-page","status-publish","hentry"],"_links":{"self":[{"href":"https:\/\/elealcuadradodg.com\/portal\/wp-json\/wp\/v2\/pages\/13","targetHints":{"allow":["GET"]}}],"collection":[{"href":"https:\/\/elealcuadradodg.com\/portal\/wp-json\/wp\/v2\/pages"}],"about":[{"href":"https:\/\/elealcuadradodg.com\/portal\/wp-json\/wp\/v2\/types\/page"}],"author":[{"embeddable":true,"href":"https:\/\/elealcuadradodg.com\/portal\/wp-json\/wp\/v2\/users\/1"}],"replies":[{"embeddable":true,"href":"https:\/\/elealcuadradodg.com\/portal\/wp-json\/wp\/v2\/comments?post=13"}],"version-history":[{"count":0,"href":"https:\/\/elealcuadradodg.com\/portal\/wp-json\/wp\/v2\/pages\/13\/revisions"}],"wp:attachment":[{"href":"https:\/\/elealcuadradodg.com\/portal\/wp-json\/wp\/v2\/media?parent=13"}],"curies":[{"name":"wp","href":"https:\/\/api.w.org\/{rel}","templated":true}]}}