{"id":5,"date":"2015-05-13T08:43:22","date_gmt":"2015-05-13T08:43:22","guid":{"rendered":"http:\/\/demo.select-themes.com\/capri1\/?page_id=5"},"modified":"2023-03-21T13:12:43","modified_gmt":"2023-03-21T13:12:43","slug":"home","status":"publish","type":"page","link":"https:\/\/elealcuadradodg.com\/portal\/","title":{"rendered":"Home"},"content":{"rendered":"<p>[vc_row row_type=\u00bbrow\u00bb use_row_as_full_screen_section=\u00bbno\u00bb type=\u00bbgrid\u00bb text_align=\u00bbcenter\u00bb padding_top=\u00bb100&#8243; css_animation=\u00bb\u00bb box_shadow_on_row=\u00bbno\u00bb oblique_section=\u00bbno\u00bb oblique_section_top_and_bottom=\u00bbboth\u00bb oblique_section_position=\u00bbfrom_left_to_right\u00bb triangle_shape=\u00bbno\u00bb triangle_shape_position=\u00bbboth\u00bb][vc_column width=\u00bb1\/4&#8243; offset=\u00bbvc_col-lg-3 vc_col-md-3 vc_col-xs-12&#8243;]<div class='q_icon_with_title  circle center anim_border_bckg_together' data-icon-hover-color=#ffffff data-icon-hover-background-color=#ffd300 ><div class=\"icon_holder q_icon_animation\" style=\"margin: 0 0 13px 0; \"><div class=\"icon_holder_inner\"><span class=\"qode_icon_stack qode_tiny_icon  custom-font\" style=\"font-size: 38px;color: #ffffff;width: 112px;height: 112px;line-height: 112px;background-color: #ffd300;border-width: 0px;\"><i class=\"qode_icon_simple_line_icon icon-rocket icon_text_icon qode_icon_stack_1x\" style=\"font-size: 38px;\" ><\/i><\/span><span class=\"border_bckg_together\" style=\"font-size: 38px;box-shadow: 0 0 0 2px #ffd300; width: 112px;height: 112px;\" ><\/span><\/div><\/div><div class=\"icon_text_holder\"><div class=\"icon_title_inner_holder\"><h5 class=\"icon_title \" style=\"margin-bottom: 32px;\">Dise\u00f1o Gr\u00e1fico<\/h5><\/div><div class=\"icon_text_inner\" style=\"\"><p style='color: #ababab'>Logotipos corporativos, papeler\u00eda de empresa, maquetaci\u00f3n, se\u00f1al\u00e9tica, carteler\u00eda, iconograf\u00eda, flayers, folletos, presentaciones, packaging, etc.<\/p><\/div><\/div><\/div>[vc_separator type=\u00bbtransparent\u00bb up=\u00bb40&#8243; up_style=\u00bbpx\u00bb down=\u00bb0&#8243; down_style=\u00bbpx\u00bb][\/vc_column][vc_column width=\u00bb1\/4&#8243;]<div class='q_icon_with_title  circle center anim_border_bckg_together' data-icon-hover-color=#ffffff data-icon-hover-background-color=#ffd300 ><div class=\"icon_holder q_icon_animation\" style=\"margin: 0 0 13px 0; transition-delay: 200ms; -webkit-transition-delay: 200ms; -moz-transition-delay: 200ms; -o-transition-delay: 200ms;\"><div class=\"icon_holder_inner\"><span class=\"qode_icon_stack qode_tiny_icon  custom-font\" style=\"font-size: 38px;color: #ffffff;width: 112px;height: 112px;line-height: 112px;background-color: #ffd300;border-width: 0px;\"><i class=\"qode_icon_simple_line_icon icon-pencil icon_text_icon qode_icon_stack_1x\" style=\"font-size: 38px;\" ><\/i><\/span><span class=\"border_bckg_together\" style=\"font-size: 38px;box-shadow: 0 0 0 2px #ffd300; width: 112px;height: 112px;\" ><\/span><\/div><\/div><div class=\"icon_text_holder\"><div class=\"icon_title_inner_holder\"><h5 class=\"icon_title \" style=\"margin-bottom: 32px;\">Ilustraci\u00f3n<\/h5><\/div><div class=\"icon_text_inner\" style=\"\"><p style='color: #ababab'>Editoriales, Ilustraci\u00f3n publicitaria, portadas, dise\u00f1o de personajes, l\u00e1minas, etc.<\/p><\/div><\/div><\/div>[vc_separator type=\u00bbtransparent\u00bb up=\u00bb40&#8243; up_style=\u00bbpx\u00bb down=\u00bb0&#8243; down_style=\u00bbpx\u00bb][\/vc_column][vc_column width=\u00bb1\/4&#8243;]<div class='q_icon_with_title  circle center anim_border_bckg_together' data-icon-hover-color=#ffffff data-icon-hover-background-color=#ffd300 ><div class=\"icon_holder q_icon_animation\" style=\"margin: 0 0 13px 0; transition-delay: 400ms; -webkit-transition-delay: 400ms; -moz-transition-delay: 400ms; -o-transition-delay: 400ms;\"><div class=\"icon_holder_inner\"><span class=\"qode_icon_stack qode_tiny_icon  custom-font\" style=\"font-size: 38px;color: #ffffff;width: 112px;height: 112px;line-height: 112px;background-color: #ffd300;border-width: 0px;\"><i class=\"qode_icon_dripicons dripicon dripicon-monitor icon_text_icon qode_icon_stack_1x\" style=\"font-size: 38px;\" ><\/i><\/span><span class=\"border_bckg_together\" style=\"font-size: 38px;box-shadow: 0 0 0 2px #ffd300; width: 112px;height: 112px;\" ><\/span><\/div><\/div><div class=\"icon_text_holder\"><div class=\"icon_title_inner_holder\"><h5 class=\"icon_title \" style=\"margin-bottom: 32px;\">Dise\u00f1o Web<\/h5><\/div><div class=\"icon_text_inner\" style=\"\"><p style='color: #ababab'>Dise\u00f1o y desarrollo front-end de p\u00e1ginas web.<\/p><\/div><\/div><\/div>[vc_separator type=\u00bbtransparent\u00bb up=\u00bb40&#8243; up_style=\u00bbpx\u00bb down=\u00bb0&#8243; down_style=\u00bbpx\u00bb][\/vc_column][vc_column width=\u00bb1\/4&#8243;]<div class='q_icon_with_title  circle center anim_border_bckg_together' data-icon-hover-color=#ffffff data-icon-hover-background-color=#ffd300 ><div class=\"icon_holder q_icon_animation\" style=\"margin: 0 0 13px 0; transition-delay: 300ms; -webkit-transition-delay: 300ms; -moz-transition-delay: 300ms; -o-transition-delay: 300ms;\"><div class=\"icon_holder_inner\"><span class=\"qode_icon_stack qode_tiny_icon  custom-font\" style=\"font-size: 40px;color: #ffffff;width: 112px;height: 112px;line-height: 112px;background-color: #ffd300;border-width: 0px;\"><i class=\"qode_icon_ion_icon ion-social-instagram icon_text_icon qode_icon_stack_1x\" style=\"font-size: 40px;\" ><\/i><\/span><span class=\"border_bckg_together\" style=\"font-size: 40px;box-shadow: 0 0 0 2px #ffd300; width: 112px;height: 112px;\" ><\/span><\/div><\/div><div class=\"icon_text_holder\"><div class=\"icon_title_inner_holder\"><h5 class=\"icon_title \" style=\"margin-bottom: 32px;\">Redes sociales<\/h5><\/div><div class=\"icon_text_inner\" style=\"\"><p style='color: #ababab'>Potenciaci\u00f3n de tu marca de empresa a trav\u00e9s de las redes sociales; gesti\u00f3n, mantenimiento, campa\u00f1as, publicidad, etc.<\/p><\/div><\/div><\/div>[vc_separator type=\u00bbtransparent\u00bb up=\u00bb40&#8243; up_style=\u00bbpx\u00bb down=\u00bb0&#8243; down_style=\u00bbpx\u00bb][\/vc_column][\/vc_row][vc_row row_type=\u00bbparallax\u00bb type=\u00bbgrid\u00bb text_align=\u00bbcenter\u00bb background_image=\u00bb51504&#8243; full_screen_section_height=\u00bbno\u00bb section_height=\u00bb455&#8243; oblique_section=\u00bbno\u00bb oblique_section_top_and_bottom=\u00bbboth\u00bb oblique_section_position=\u00bbfrom_left_to_right\u00bb triangle_shape=\u00bbno\u00bb triangle_shape_position=\u00bbboth\u00bb][vc_column css=\u00bb.vc_custom_1676553454579{margin-top: -30px !important;}\u00bb][vc_separator type=\u00bbtransparent\u00bb up=\u00bb149&#8243; up_style=\u00bbpx\u00bb down=\u00bb0&#8243; down_style=\u00bbpx\u00bb]<div class=\"custom_font_holder\" style=\"font-family: Georgia; font-size: 52px; line-height: 73px; font-style: italic; font-weight: 400; color: #ffffff; text-decoration: none; letter-spacing: 0px;; text-transform: capitalize; text-align: center\" data-font-size=52 data-line-height=73 ><div  ><p>Tu estudio creativo dispuesto a dar continuidad a tus ideas &#8230;<\/p>\n<\/div><\/div>[\/vc_column][\/vc_row][vc_row row_type=\u00bbrow\u00bb use_row_as_full_screen_section=\u00bbno\u00bb type=\u00bbgrid\u00bb text_align=\u00bbleft\u00bb padding_top=\u00bb0&#8243; padding_bottom=\u00bb0&#8243; css_animation=\u00bb\u00bb box_shadow_on_row=\u00bbno\u00bb oblique_section=\u00bbno\u00bb oblique_section_top_and_bottom=\u00bbboth\u00bb oblique_section_position=\u00bbfrom_left_to_right\u00bb triangle_shape=\u00bbno\u00bb triangle_shape_position=\u00bbboth\u00bb][vc_column offset=\u00bbvc_col-lg-4 vc_col-md-4 vc_col-xs-12&#8243;][vc_separator type=\u00bbtransparent\u00bb up=\u00bb100&#8243; up_style=\u00bbpx\u00bb down=\u00bb0&#8243; down_style=\u00bbpx\u00bb][vc_column_text]<\/p>\n<h2>Dise\u00f1o y desarrollo sin l\u00edmites.<\/h2>\n<p>[\/vc_column_text][vc_separator type=\u00bbsmall\u00bb position=\u00bbleft\u00bb up_style=\u00bbpx\u00bb down_style=\u00bbpx\u00bb][vc_column_text]Si las matem\u00e1ticas ayudan a potenciar al cuadrado un n\u00famero, el dise\u00f1o ayuda a potenciar al cuadrado una idea. Por eso, por peque\u00f1as o grandes que sean, con trabajo y vocaci\u00f3n, en este estudio se desarrollar\u00e1 cualquier concepto que nos presentes elev\u00e1ndolo a algo m\u00e1s alto: al cuadrado.[\/vc_column_text][vc_separator type=\u00bbtransparent\u00bb up=\u00bb138&#8243; up_style=\u00bbpx\u00bb down=\u00bb0&#8243; down_style=\u00bbpx\u00bb][\/vc_column][vc_column offset=\u00bbvc_col-lg-8 vc_col-md-8 vc_col-xs-12&#8243;][vc_separator type=\u00bbtransparent\u00bb up=\u00bb-60&#8243; up_style=\u00bbpx\u00bb down=\u00bb0&#8243; down_style=\u00bbpx\u00bb][vc_single_image image=\u00bb51507&#8243; img_size=\u00bbfull\u00bb qode_css_animation=\u00bbelement_from_right\u00bb][\/vc_column][\/vc_row][vc_row row_type=\u00bbrow\u00bb use_row_as_full_screen_section=\u00bbno\u00bb type=\u00bbfull_width\u00bb text_align=\u00bbcenter\u00bb background_color=\u00bb#f7f7f7&#8243; side_padding=\u00bb3%\u00bb padding_top=\u00bb85&#8243; padding_bottom=\u00bb0&#8243; css_animation=\u00bb\u00bb box_shadow_on_row=\u00bbno\u00bb oblique_section=\u00bbno\u00bb oblique_section_top_and_bottom=\u00bbboth\u00bb oblique_section_position=\u00bbfrom_left_to_right\u00bb triangle_shape=\u00bbno\u00bb triangle_shape_position=\u00bbboth\u00bb][vc_column][vc_row_inner row_type=\u00bbrow\u00bb type=\u00bbgrid\u00bb use_row_as_full_screen_section_slide=\u00bbno\u00bb text_align=\u00bbcenter\u00bb padding_bottom=\u00bb90&#8243; css_animation=\u00bb\u00bb box_shadow_on_row=\u00bbno\u00bb][vc_column_inner][vc_column_text css=\u00bb.vc_custom_1675345922098{padding-right: 11% !important;padding-left: 11% !important;}\u00bb]<\/p>\n<h2>Proyectos<\/h2>\n<p>[\/vc_column_text][vc_separator type=\u00bbtransparent\u00bb up=\u00bb35&#8243; up_style=\u00bbpx\u00bb down=\u00bb0&#8243; down_style=\u00bbpx\u00bb][vc_column_text css=\u00bb.vc_custom_1678091527635{padding-right: 15% !important;padding-left: 15% !important;}\u00bb]<\/p>\n<h6>Soluciones creativas para conectar, inspirar y comunicar de manera efectiva.<\/h6>\n<p>[\/vc_column_text][\/vc_column_inner][\/vc_row_inner]<div class='projects_holder_outer v3 portfolio_with_space portfolio_with_hover_text '><div class='portfolio_main_holder projects_holder portfolio_one_by_one  clearfix v3 hover_text' style=''>\n<article  class='mix portfolio_category_37 portfolio_category_35 '><div class=\"item_holder subtle_vertical_hover\"><div class=\"text_holder\" ><div class=\"text_holder_outer\"><div class=\"text_holder_inner\"><h4 class=\"portfolio_title\" ><a href=\"https:\/\/elealcuadradodg.com\/portal\/portfolio_page\/san-froilan-2024-lugo\/\" >San Froil\u00e1n 2024 &#8211; Lugo<\/a><\/h4><div class=\"icons_holder \"><\/div><\/div><\/div><\/div><div class=\"portfolio_shader\" ><\/div><div class=\"image_holder\"><span class=\"image\"><img loading=\"lazy\" decoding=\"async\" width=\"800\" height=\"600\" src=\"https:\/\/elealcuadradodg.com\/portal\/wp-content\/uploads\/2024\/09\/SanFroilan20242-800x600.jpg\" class=\"attachment-portfolio-landscape size-portfolio-landscape wp-post-image\" alt=\"\" \/><\/span><\/div><\/div><\/article>\n<article  class='mix portfolio_category_37 portfolio_category_35 '><div class=\"item_holder subtle_vertical_hover\"><div class=\"text_holder\" ><div class=\"text_holder_outer\"><div class=\"text_holder_inner\"><h4 class=\"portfolio_title\" ><a href=\"https:\/\/elealcuadradodg.com\/portal\/portfolio_page\/xliv-fiesta-de-la-aceituna-martos\/\" >XLIV Fiesta de la Aceituna Martos<\/a><\/h4><div class=\"icons_holder \"><\/div><\/div><\/div><\/div><div class=\"portfolio_shader\" ><\/div><div class=\"image_holder\"><span class=\"image\"><img loading=\"lazy\" decoding=\"async\" width=\"800\" height=\"600\" src=\"https:\/\/elealcuadradodg.com\/portal\/wp-content\/uploads\/2024\/09\/FiestaAceituna4-800x600.jpg\" class=\"attachment-portfolio-landscape size-portfolio-landscape wp-post-image\" alt=\"\" \/><\/span><\/div><\/div><\/article>\n<article  class='mix portfolio_category_35 portfolio_category_36 '><div class=\"item_holder subtle_vertical_hover\"><div class=\"text_holder\" ><div class=\"text_holder_outer\"><div class=\"text_holder_inner\"><h4 class=\"portfolio_title\" ><a href=\"https:\/\/elealcuadradodg.com\/portal\/portfolio_page\/mas-k-estilo\/\" >M\u00e1s K Estilo<\/a><\/h4><div class=\"icons_holder \"><\/div><\/div><\/div><\/div><div class=\"portfolio_shader\" ><\/div><div class=\"image_holder\"><span class=\"image\"><img loading=\"lazy\" decoding=\"async\" width=\"800\" height=\"600\" src=\"https:\/\/elealcuadradodg.com\/portal\/wp-content\/uploads\/2024\/04\/MK7-800x600.jpg\" class=\"attachment-portfolio-landscape size-portfolio-landscape wp-post-image\" alt=\"\" srcset=\"https:\/\/elealcuadradodg.com\/portal\/wp-content\/uploads\/2024\/04\/MK7-800x600.jpg 800w, https:\/\/elealcuadradodg.com\/portal\/wp-content\/uploads\/2024\/04\/MK7-1000x750.jpg 1000w\" sizes=\"auto, (max-width: 800px) 100vw, 800px\" \/><\/span><\/div><\/div><\/article>\n<article  class='mix portfolio_category_37 '><div class=\"item_holder subtle_vertical_hover\"><div class=\"text_holder\" ><div class=\"text_holder_outer\"><div class=\"text_holder_inner\"><h4 class=\"portfolio_title\" ><a href=\"https:\/\/elealcuadradodg.com\/portal\/portfolio_page\/hibridos-2024\/\" >H\u00edbridos 2024<\/a><\/h4><div class=\"icons_holder \"><\/div><\/div><\/div><\/div><div class=\"portfolio_shader\" ><\/div><div class=\"image_holder\"><span class=\"image\"><img loading=\"lazy\" decoding=\"async\" width=\"800\" height=\"600\" src=\"https:\/\/elealcuadradodg.com\/portal\/wp-content\/uploads\/2024\/04\/CartelHibridos2024-2-800x600.jpg\" class=\"attachment-portfolio-landscape size-portfolio-landscape wp-post-image\" alt=\"\" \/><\/span><\/div><\/div><\/article>\n<article  class='mix portfolio_category_35 portfolio_category_36 '><div class=\"item_holder subtle_vertical_hover\"><div class=\"text_holder\" ><div class=\"text_holder_outer\"><div class=\"text_holder_inner\"><h4 class=\"portfolio_title\" ><a href=\"https:\/\/elealcuadradodg.com\/portal\/portfolio_page\/tedra-global-solutions-papeleria-corporativa\/\" >Tedra Global Solutions \/ Papeler\u00eda Corporativa<\/a><\/h4><div class=\"icons_holder \"><\/div><\/div><\/div><\/div><div class=\"portfolio_shader\" ><\/div><div class=\"image_holder\"><span class=\"image\"><img loading=\"lazy\" decoding=\"async\" width=\"800\" height=\"600\" src=\"https:\/\/elealcuadradodg.com\/portal\/wp-content\/uploads\/2023\/02\/redisenopapeleriacorporativatedra5-800x600.jpg\" class=\"attachment-portfolio-landscape size-portfolio-landscape wp-post-image\" alt=\"\" \/><\/span><\/div><\/div><\/article>\n<article  class='mix portfolio_category_35 portfolio_category_36 '><div class=\"item_holder subtle_vertical_hover\"><div class=\"text_holder\" ><div class=\"text_holder_outer\"><div class=\"text_holder_inner\"><h4 class=\"portfolio_title\" ><a href=\"https:\/\/elealcuadradodg.com\/portal\/portfolio_page\/tedra-global-solutions\/\" >Tedra Global Solutions<\/a><\/h4><div class=\"icons_holder \"><\/div><\/div><\/div><\/div><div class=\"portfolio_shader\" ><\/div><div class=\"image_holder\"><span class=\"image\"><img loading=\"lazy\" decoding=\"async\" width=\"800\" height=\"600\" src=\"https:\/\/elealcuadradodg.com\/portal\/wp-content\/uploads\/2023\/02\/redisenotedralogo9-800x600.jpg\" class=\"attachment-portfolio-landscape size-portfolio-landscape wp-post-image\" alt=\"\" \/><\/span><\/div><\/div><\/article>\n<div class='filler'><\/div>\n<div class='filler'><\/div>\n<div class='filler'><\/div>\n<\/div><div class=\"portfolio_paging\" style=\"margin-top:57px\"><span data-rel=\"8\" class=\"load_more\"><a href=\"https:\/\/elealcuadradodg.com\/portal\/wp-json\/wp\/v2\/pages\/5\/page\/2\/\" >Show more <i class=\"qode_icon_font_awesome fa fa-plus show_load_more_icon\" style=\"font-size: 10px;\" ><\/i><\/a><\/span><\/div><div class=\"portfolio_paging_loading\" style=\"margin-top:57px\"><a href=\"javascript: void(0)\" class=\"qbutton\">Loading...<\/a><\/div><\/div>[vc_separator type=\u00bbtransparent\u00bb up=\u00bb-226&#8243; up_style=\u00bbpx\u00bb down=\u00bb0&#8243; down_style=\u00bbpx\u00bb][\/vc_column][\/vc_row][vc_row row_type=\u00bbrow\u00bb use_row_as_full_screen_section=\u00bbno\u00bb type=\u00bbfull_width\u00bb text_align=\u00bbleft\u00bb padding_top=\u00bb304&#8243; padding_bottom=\u00bb0&#8243; css_animation=\u00bb\u00bb box_shadow_on_row=\u00bbno\u00bb oblique_section=\u00bbno\u00bb oblique_section_top_and_bottom=\u00bbboth\u00bb oblique_section_position=\u00bbfrom_left_to_right\u00bb triangle_shape=\u00bbno\u00bb triangle_shape_position=\u00bbboth\u00bb][vc_column][\/vc_column][\/vc_row][vc_row row_type=\u00bbrow\u00bb use_row_as_full_screen_section=\u00bbno\u00bb type=\u00bbgrid\u00bb text_align=\u00bbcenter\u00bb background_color=\u00bb#f7f7f7&#8243; padding_top=\u00bb86&#8243; padding_bottom=\u00bb0&#8243; css_animation=\u00bb\u00bb box_shadow_on_row=\u00bbno\u00bb oblique_section=\u00bbno\u00bb oblique_section_top_and_bottom=\u00bbboth\u00bb oblique_section_position=\u00bbfrom_left_to_right\u00bb triangle_shape=\u00bbno\u00bb triangle_shape_position=\u00bbboth\u00bb triangle_shape_color=\u00bbboth\u00bb][vc_column][vc_column_text]<\/p>\n<h4>\u00bfQu\u00e9 tienes en mente?<\/h4>\n<p>[\/vc_column_text][vc_separator type=\u00bbtransparent\u00bb up=\u00bb35&#8243; up_style=\u00bbpx\u00bb down=\u00bb0&#8243; down_style=\u00bbpx\u00bb][vc_column_text]<\/p>\n<h6>Contacta para poder contar esa idea o proyecto que estas buscando.<\/h6>\n<p>[\/vc_column_text][vc_separator type=\u00bbnormal\u00bb up_style=\u00bbpx\u00bb down_style=\u00bbpx\u00bb][vc_separator type=\u00bbtransparent\u00bb up_style=\u00bbpx\u00bb down_style=\u00bbpx\u00bb]\n<div class=\"wpcf7 no-js\" id=\"wpcf7-f50477-o1\" lang=\"en-US\" dir=\"ltr\">\n<div class=\"screen-reader-response\"><p role=\"status\" aria-live=\"polite\" aria-atomic=\"true\"><\/p> <ul><\/ul><\/div>\n<form action=\"\/portal\/wp-json\/wp\/v2\/pages\/5#wpcf7-f50477-o1\" method=\"post\" class=\"wpcf7-form init cf7_custom_style_2\" aria-label=\"Contact form\" novalidate=\"novalidate\" data-status=\"init\">\n<div style=\"display: none;\">\n<input type=\"hidden\" name=\"_wpcf7\" value=\"50477\" \/>\n<input type=\"hidden\" name=\"_wpcf7_version\" value=\"5.7.4\" \/>\n<input type=\"hidden\" name=\"_wpcf7_locale\" value=\"en_US\" \/>\n<input type=\"hidden\" name=\"_wpcf7_unit_tag\" value=\"wpcf7-f50477-o1\" \/>\n<input type=\"hidden\" name=\"_wpcf7_container_post\" value=\"0\" \/>\n<input type=\"hidden\" name=\"_wpcf7_posted_data_hash\" value=\"\" \/>\n<input type=\"hidden\" name=\"_wpcf7_recaptcha_response\" value=\"\" \/>\n<\/div>\n<div class=\"two_columns_50_50 clearfix\">\n\t<div class=\"column1\">\n\t\t<p>Nombre\n\t\t<\/p>\n\t\t<div class=\"column_inner\">\n\t\t\t<p><span class=\"wpcf7-form-control-wrap\" data-name=\"first-name\"><input size=\"40\" class=\"wpcf7-form-control wpcf7-text wpcf7-validates-as-required\" aria-required=\"true\" aria-invalid=\"false\" value=\"\" type=\"text\" name=\"first-name\" \/><\/span>\n\t\t\t<\/p>\n\t\t<\/div>\n\t<\/div>\n\t<div class=\"two_columns_50_50 clearfix\">\n\t\t<div class=\"column1\">\n\t\t\t<p>Correo\n\t\t\t<\/p>\n\t\t\t<div class=\"column_inner\">\n\t\t\t\t<p><span class=\"wpcf7-form-control-wrap\" data-name=\"your-email\"><input size=\"40\" class=\"wpcf7-form-control wpcf7-text wpcf7-email wpcf7-validates-as-required wpcf7-validates-as-email\" aria-required=\"true\" aria-invalid=\"false\" value=\"\" type=\"email\" name=\"your-email\" \/><\/span>\n\t\t\t\t<\/p>\n\t\t\t<\/div>\n\t\t\t<div class=\"column2\">\n\t\t\t\t<div class=\"column_inner\">\n\t\t\t\t\t<p>Asunto\n\t\t\t\t\t<\/p>\n\t\t\t\t\t<p><span class=\"wpcf7-form-control-wrap\" data-name=\"your-subject\"><input size=\"40\" class=\"wpcf7-form-control wpcf7-text wpcf7-validates-as-required\" aria-required=\"true\" aria-invalid=\"false\" value=\"\" type=\"text\" name=\"your-subject\" \/><\/span>\n\t\t\t\t\t<\/p>\n\t\t\t\t<\/div>\n\t\t\t<\/div>\n\t\t<\/div>\n\t\t<p>Mensaje:\n\t\t<\/p>\n\t\t<div>\n\t\t\t<p><span class=\"wpcf7-form-control-wrap\" data-name=\"your-message\"><textarea cols=\"40\" rows=\"10\" class=\"wpcf7-form-control wpcf7-textarea wpcf7-validates-as-required\" aria-required=\"true\" aria-invalid=\"false\" name=\"your-message\"><\/textarea><\/span>\n\t\t\t<\/p>\n\t\t<\/div>\n\t\t<p><label><span class=\"wpcf7-form-control-wrap\" data-name=\"acceptance-577\"><span class=\"wpcf7-form-control wpcf7-acceptance\"><span class=\"wpcf7-list-item\"><label><input type=\"checkbox\" name=\"acceptance-577\" value=\"1\" aria-invalid=\"false\" \/><span class=\"wpcf7-list-item-label\">Acepto la <a href=\"http:\/\/elealcuadradodg.com\/portal\/politica-de-privacidad\/\"><strong>pol\u00edtica de privacidad<\/strong><\/a><\/span><\/label><\/span><\/span><\/span><br \/>\n<\/label>\n\t\t<\/p>\n\t\t<div>\n\t\t\t<p><input class=\"wpcf7-form-control has-spinner wpcf7-submit\" type=\"submit\" value=\"enviar\" \/>\n\t\t\t<\/p>\n\t\t<\/div>\n\t<\/div>\n<\/div><p style=\"display: none !important;\" class=\"akismet-fields-container\" data-prefix=\"_wpcf7_ak_\"><label>&#916;<textarea name=\"_wpcf7_ak_hp_textarea\" cols=\"45\" rows=\"8\" maxlength=\"100\"><\/textarea><\/label><input type=\"hidden\" id=\"ak_js_1\" name=\"_wpcf7_ak_js\" value=\"41\"\/><script>document.getElementById( \"ak_js_1\" ).setAttribute( \"value\", ( new Date() ).getTime() );<\/script><\/p><div class=\"wpcf7-response-output\" aria-hidden=\"true\"><\/div>\n<\/form>\n<\/div>\n[\/vc_column][\/vc_row][vc_row row_type=\u00bbrow\u00bb use_row_as_full_screen_section=\u00bbno\u00bb type=\u00bbfull_width\u00bb text_align=\u00bbleft\u00bb css_animation=\u00bb\u00bb box_shadow_on_row=\u00bbno\u00bb][vc_column][vc_empty_space height=\u00bb92px\u00bb image_repeat=\u00bbno-repeat\u00bb][\/vc_column][\/vc_row]<\/p>\n","protected":false},"excerpt":{"rendered":"<p>[vc_row row_type=\u00bbrow\u00bb use_row_as_full_screen_section=\u00bbno\u00bb type=\u00bbgrid\u00bb text_align=\u00bbcenter\u00bb padding_top=\u00bb100&#8243; css_animation=\u00bb\u00bb box_shadow_on_row=\u00bbno\u00bb oblique_section=\u00bbno\u00bb oblique_section_top_and_bottom=\u00bbboth\u00bb oblique_section_position=\u00bbfrom_left_to_right\u00bb triangle_shape=\u00bbno\u00bb triangle_shape_position=\u00bbboth\u00bb][vc_column width=\u00bb1\/4&#8243; offset=\u00bbvc_col-lg-3 vc_col-md-3 vc_col-xs-12&#8243;][vc_separator type=\u00bbtransparent\u00bb up=\u00bb40&#8243; up_style=\u00bbpx\u00bb down=\u00bb0&#8243; down_style=\u00bbpx\u00bb][\/vc_column][vc_column width=\u00bb1\/4&#8243;][vc_separator type=\u00bbtransparent\u00bb up=\u00bb40&#8243; up_style=\u00bbpx\u00bb down=\u00bb0&#8243; down_style=\u00bbpx\u00bb][\/vc_column][vc_column width=\u00bb1\/4&#8243;][vc_separator type=\u00bbtransparent\u00bb up=\u00bb40&#8243; up_style=\u00bbpx\u00bb down=\u00bb0&#8243; down_style=\u00bbpx\u00bb][\/vc_column][vc_column width=\u00bb1\/4&#8243;][vc_separator type=\u00bbtransparent\u00bb up=\u00bb40&#8243; up_style=\u00bbpx\u00bb down=\u00bb0&#8243; down_style=\u00bbpx\u00bb][\/vc_column][\/vc_row][vc_row row_type=\u00bbparallax\u00bb type=\u00bbgrid\u00bb text_align=\u00bbcenter\u00bb background_image=\u00bb51504&#8243; full_screen_section_height=\u00bbno\u00bb&#8230;<\/p>\n","protected":false},"author":1,"featured_media":0,"parent":0,"menu_order":0,"comment_status":"open","ping_status":"open","template":"full_width.php","meta":{"footnotes":""},"class_list":["post-5","page","type-page","status-publish","hentry"],"_links":{"self":[{"href":"https:\/\/elealcuadradodg.com\/portal\/wp-json\/wp\/v2\/pages\/5","targetHints":{"allow":["GET"]}}],"collection":[{"href":"https:\/\/elealcuadradodg.com\/portal\/wp-json\/wp\/v2\/pages"}],"about":[{"href":"https:\/\/elealcuadradodg.com\/portal\/wp-json\/wp\/v2\/types\/page"}],"author":[{"embeddable":true,"href":"https:\/\/elealcuadradodg.com\/portal\/wp-json\/wp\/v2\/users\/1"}],"replies":[{"embeddable":true,"href":"https:\/\/elealcuadradodg.com\/portal\/wp-json\/wp\/v2\/comments?post=5"}],"version-history":[{"count":0,"href":"https:\/\/elealcuadradodg.com\/portal\/wp-json\/wp\/v2\/pages\/5\/revisions"}],"wp:attachment":[{"href":"https:\/\/elealcuadradodg.com\/portal\/wp-json\/wp\/v2\/media?parent=5"}],"curies":[{"name":"wp","href":"https:\/\/api.w.org\/{rel}","templated":true}]}}