{"id":52138,"date":"2023-03-16T13:52:42","date_gmt":"2023-03-16T13:52:42","guid":{"rendered":"http:\/\/elealcuadradodg.com\/portal\/?page_id=52138"},"modified":"2023-03-16T14:07:12","modified_gmt":"2023-03-16T14:07:12","slug":"politica-de-privacidad","status":"publish","type":"page","link":"https:\/\/elealcuadradodg.com\/portal\/politica-de-privacidad\/","title":{"rendered":"Pol\u00edtica de Privacidad"},"content":{"rendered":"<h4 class=\"wp-block-post-title\">Pol\u00edtica de Privacidad<\/h4>\n\n\n<hr class=\"wp-block-separator has-alpha-channel-opacity\"\/>\n\n\n\n<p>Si est\u00e1s aqu\u00ed es porque quieres saber m\u00e1s sobre las obligaciones y derechos que te corresponden como usuario de esta web&nbsp;<a href=\"http:\/\/elealcuadradodg.com\/\"><strong>http:\/\/elealcuadradodg.com<\/strong><\/a>&nbsp;y eso est\u00e1 muy bien. Nuestro deber es informarte y el tuyo estar debidamente informado.<\/p>\n\n\n\n<p><\/p>\n\n\n\n<p>En esta Pol\u00edtica de Privacidad te informaremos con total transparencia sobre la finalidad de este sitio web y todo lo que afecta a los datos que nos facilites, as\u00ed como de las obligaciones y derechos que te corresponden.<\/p>\n\n\n\n<p><\/p>\n\n\n\n<p>Para empezar, debes saber que este sitio web se adapta a la normativa vigente en relaci\u00f3n con la protecci\u00f3n de datos, lo que afecta a los datos personales que nos facilites con tu consentimiento expreso y a las cookies que utilizamos para que este sitio web funcione correctamente y pueda desarrollar su actividad.<\/p>\n\n\n\n<p>Concretamente, esta web se ajusta al cumplimiento de las siguientes normativas:<\/p>\n\n\n\n<p>El&nbsp;<strong>RGPD&nbsp;<\/strong>(<strong>Reglamento (UE) 2016\/679 del Parlamento Europeo y del Consejo de 27 de abril de 2016 relativo a la protecci\u00f3n de las personas f\u00edsicas<\/strong>)&nbsp;que es la nueva normativa de la Uni\u00f3n Europea que unifica la regulaci\u00f3n del tratamiento de los datos personales en los distintos pa\u00edses de la UE.<\/p>\n\n\n\n<p>La&nbsp;<strong>LOPD<\/strong>&nbsp;(<strong>Ley Org\u00e1nica 15\/1999, de 13 de diciembre, de Protecci\u00f3n de Datos de Car\u00e1cter Personal<\/strong>&nbsp;y&nbsp;<strong>Real Decreto 1720\/2007, de 21 de diciembre, el Reglamento de desarrollo de la LOPD<\/strong>) que regula el tratamiento de los datos personales y las obligaciones que debemos asumir los responsables de una web o un blog a la hora de gestionar esta informaci\u00f3n.<\/p>\n\n\n\n<p>La&nbsp;<strong>LSSI<\/strong>&nbsp;(<strong>Ley 34\/2002, de 11 de julio, de Servicios de la Sociedad de la Informaci\u00f3n y Comercio Electr\u00f3nico<\/strong>)&nbsp;que regula las transacciones econ\u00f3micas mediante medios electr\u00f3nicos, como es el caso de este blog.<\/p>\n\n\n\n<p><strong>DATOS DE IDENTIFICACI\u00d3N<\/strong><\/p>\n\n\n\n<p>El responsable y titular de este sitio web es&nbsp;<strong>\u00c1lvaro Collar Mu\u00f1oz<\/strong>&nbsp;<strong>&nbsp;(En adelante Elealcuadrado)<\/strong><\/p>\n\n\n\n<ul class=\"wp-block-list\">\n<li><strong>Nombre:<\/strong>&nbsp;Elealcuadrado<\/li>\n\n\n\n<li><strong>NIF:<\/strong>&nbsp;33549318T<\/li>\n\n\n\n<li><strong>Domicilio Social:<\/strong>&nbsp;C\/ P\u00e1rroco Jos\u00e9 Mari\u00f1o 14, AT-A , (36380 \u2013 Gondomar)<\/li>\n\n\n\n<li><strong>Actividad del sitio web<\/strong>: servicios de dise\u00f1o gr\u00e1fico y web tanto para particulares como para peque\u00f1as y grandes empresas.<\/li>\n\n\n\n<li><strong>Correo electr\u00f3nico<\/strong>:&nbsp;<a href=\"mailto:contacto@elealcuadradodg.com\" data-type=\"mailto\" data-id=\"mailto:contacto@elealcuadradodg.com\"><strong><mark style=\"background-color:rgba(0, 0, 0, 0)\" class=\"has-inline-color has-luminous-vivid-amber-color\">contacto@elealcuadradodg.com<\/mark><\/strong><\/a><\/li>\n<\/ul>\n\n\n\n<p>En nombre de la empresa tratamos la informaci\u00f3n que nos facilita con el fin de prestarles el servicio solicitado, realizar la facturaci\u00f3n del mismo. Los datos proporcionados se conservar\u00e1n mientras se mantenga la relaci\u00f3n comercial o durante los a\u00f1os necesarios para cumplir con las obligaciones legales. Los datos no se ceder\u00e1n a terceros salvo en los casos en que exista una obligaci\u00f3n legal. Usted tiene derecho a obtener confirmaci\u00f3n sobre si en Elealcuadrado estamos tratando sus datos personales por tanto tiene derecho a acceder a sus datos personales, rectificar los datos inexactos o solicitar su supresi\u00f3n cuando los datos ya no sean necesarios.<\/p>\n\n\n\n<p>Los datos personales que nos facilites, siempre con tu consentimiento expreso, se almacenar\u00e1n y tratar\u00e1n con los fines previstos y descritos a continuaci\u00f3n en esta Pol\u00edtica de Privacidad, hasta el momento en que nos pidas que los eliminemos<strong>.<\/strong><\/p>\n\n\n\n<p>Te informamos de que esta Pol\u00edtica de Privacidad puede ser modificada en cualquier momento, con el fin de adaptarla a novedades legislativas o cambios en nuestras actividades, siendo vigente la que en cada momento se encuentre publicada en la web. Dicha modificaci\u00f3n se te notificar\u00e1 antes de su aplicaci\u00f3n.<\/p>\n\n\n\n<p><strong>CONDICIONES DE USO<\/strong><\/p>\n\n\n\n<p>Debes saber, para tu tranquilidad, que siempre te solicitaremos tu consentimiento expreso para recabar tus datos con la correspondiente finalidad especificada en cada caso, lo que implica que, en caso de otorgar ese consentimiento, has le\u00eddo y aceptado esta Pol\u00edtica de Privacidad<strong>.<\/strong><\/p>\n\n\n\n<p>En el momento en que accedas y utilices esta web, asumes tu condici\u00f3n de usuario con tus correspondientes derechos y obligaciones.<\/p>\n\n\n\n<p>Si eres mayor de 13 a\u00f1os, podr\u00e1s registrarte como usuario en este sitio web sin el previo consentimiento de tus padres o tutores.<\/p>\n\n\n\n<p>Si eres menor de 13 a\u00f1os, necesitar\u00e1s el consentimiento de tus padres o tutores para el tratamiento de tus datos personales.<\/p>\n\n\n\n<p><strong>REGISTRO Y FINALIDAD DE TUS DATOS<\/strong><\/p>\n\n\n\n<p>En funci\u00f3n del formulario o secci\u00f3n a la que accedas, te solicitaremos exclusivamente los datos necesarios con las finalidades descritas a continuaci\u00f3n. En todo momento, deber\u00e1s dar tu consentimiento expreso, cuando te solicitemos informaci\u00f3n personal con las siguientes finalidades:<\/p>\n\n\n\n<ul class=\"wp-block-list\">\n<li>Las finalidades concretas que particularmente se indiquen en cada una de las p\u00e1ginas o secciones donde aparezca el formulario de registro o contacto electr\u00f3nico.<\/li>\n\n\n\n<li>Con car\u00e1cter general, para atender tus solicitudes, comentarios, consultas o cualquier tipo de petici\u00f3n que realices como usuario a trav\u00e9s de cualquiera de las formas de contacto que ponemos a tu disposici\u00f3n<\/li>\n\n\n\n<li>Para informarte sobre consultas, peticiones, actividades, productos, novedades y\/o servicios; v\u00eda e-mail, fax, Whatsapp, Skype, tel\u00e9fono proporcionado, sms y mms.<\/li>\n\n\n\n<li>Para enviarte comunicaciones comerciales o publicitarias a trav\u00e9s de cualquier otro medio electr\u00f3nico o f\u00edsico, que posibilite realizar comunicaciones.<\/li>\n<\/ul>\n\n\n\n<p>Estas comunicaciones, siempre ser\u00e1n relacionadas con nuestros productos, servicios, novedades o promociones, as\u00ed como aquellos productos o servicios que podamos considerar de tu inter\u00e9s y que puedan ofrecer colaboradores, empresas o \u201cpartners\u201d con los que mantengamos acuerdos de promoci\u00f3n o colaboraci\u00f3n comercial.<\/p>\n\n\n\n<p>De ser as\u00ed, te garantizamos que estos terceros nunca tendr\u00e1n acceso a tus datos personales, con las excepciones reflejadas a continuaci\u00f3n, siendo en todo caso estas comunicaciones realizadas por parte de&nbsp;<strong>Elealcuadrado, como titular de la web.<\/strong><\/p>\n\n\n\n<p>Este sitio web muestra productos de afiliado de terceros. Concretamente de&nbsp;<strong>AMAZON<\/strong>.<\/p>\n\n\n\n<p>Esto quiere decir que al hacer clic en \u201cComprar Ahora\u201d&nbsp;o similar, se te redirigir\u00e1 a la p\u00e1gina donde se ofertan los productos.<\/p>\n\n\n\n<p>En este caso, debes saber que&nbsp;\u00fanicamente proporcionamos y facilitamos los enlaces a las p\u00e1ginas y\/o plataformas de estos terceros donde pueden adquirirse los productos que mostramos, en aras a facilitar la b\u00fasqueda y f\u00e1cil adquisici\u00f3n de los mismos.<\/p>\n\n\n\n<p>Estas p\u00e1ginas enlazadas y pertenecientes a terceros no han sido revisadas ni son objeto de controles, ni recomendaci\u00f3n por nuestra parte, por lo que en ning\u00fan caso&nbsp;<strong>Elealcuadrado&nbsp;<\/strong>ser\u00e1 considerada responsable de los contenidos de estos sitios web, de las responsabilidades derivadas de su uso en todos los \u00e1mbitos, ni por las medidas que se adopten relativas a la privacidad del usuario, tratamiento de sus datos de car\u00e1cter personal u otras que pudieran establecerse.<\/p>\n\n\n\n<p>Por todo ello, te recomendamos la lectura detenida y anticipada de todas las condiciones de uso, condiciones de compra, pol\u00edticas de privacidad, avisos legales y\/o similares de estos sitios enlazados antes de proceder a la adquisici\u00f3n de estos productos o uso de las webs.<\/p>\n\n\n\n<p><strong>EXACTITUD Y VERACIDAD DE LOS DATOS<\/strong><\/p>\n\n\n\n<p>Como usuario, eres el \u00fanico responsable de la veracidad y modificaci\u00f3n de los datos que remitas a&nbsp;<strong>Elealcuadrado<\/strong>, exoner\u00e1ndonos de cualquier responsabilidad al respecto.<\/p>\n\n\n\n<p>Es decir, a ti te corresponde garantizar y responder en cualquier caso de la exactitud, vigencia y autenticidad de los datos personales facilitados, y te comprometes a mantenerlos debidamente actualizados.<\/p>\n\n\n\n<p>De acuerdo a lo expresado en esta Pol\u00edtica de Privacidad, aceptas proporcionar informaci\u00f3n completa y&nbsp;correcta&nbsp;en el formulario de contacto o suscripci\u00f3n.<\/p>\n\n\n\n<p><strong>BAJAS DE SUSCRIPCI\u00d3N Y DERECHO DE REVOCACI\u00d3N<\/strong><\/p>\n\n\n\n<p>Como titular de los datos que nos hayas facilitado, podr\u00e1s ejercer en cualquier momento tus derechos de acceso, rectificaci\u00f3n, cancelaci\u00f3n y oposici\u00f3n, envi\u00e1ndonos un correo electr\u00f3nico a <a href=\"mailto:contacto@elealcuadradodg.com\"><strong><\/strong><\/a><strong><a href=\"mailto:contacto@elealcuadradodg.com\" data-type=\"mailto\" data-id=\"mailto:contacto@elealcuadradodg.com\"><strong><mark style=\"background-color:rgba(0, 0, 0, 0)\" class=\"has-inline-color has-luminous-vivid-amber-color\">contacto@elealcuadradodg.com<\/mark><\/strong><\/a><\/strong> y adjunt\u00e1ndonos una fotocopia de tu documento de identidad como prueba v\u00e1lida.<\/p>\n\n\n\n<p>Igualmente, podr\u00e1s darte de baja en cualquier momento para dejar de recibir nuestra newsletter o cualquier otra comunicaci\u00f3n comercial, directamente desde el mismo email que hayas recibido o envi\u00e1ndonos un correo a\u00a0<strong><strong><a href=\"mailto:contacto@elealcuadradodg.com\" data-type=\"mailto\" data-id=\"mailto:contacto@elealcuadradodg.com\"><strong><a href=\"mailto:contacto@elealcuadradodg.com\" data-type=\"mailto\" data-id=\"mailto:contacto@elealcuadradodg.com\"><strong><mark style=\"background-color:rgba(0, 0, 0, 0)\" class=\"has-inline-color has-luminous-vivid-amber-color\">contacto@elealcuadradodg.com<\/mark><\/strong><\/a><\/strong><\/a><\/strong>.<\/strong><\/p>\n\n\n\n<p><strong>ACCESO A DATOS POR CUENTA DE TERCEROS<\/strong><\/p>\n\n\n\n<p>Para poder prestar servicios estrictamente necesarios para el funcionamiento y desarrollo&nbsp;de las actividades de este sitio web, te informamos de que compartimos datos con los siguientes prestadores de servicio bajo sus correspondientes condiciones de privacidad.<\/p>\n\n\n\n<p>Puedes tener la total tranquilidad de que estos terceros no podr\u00e1n utilizar dicha informaci\u00f3n para ning\u00fan otro fin que no est\u00e9 regulado espec\u00edficamente en nuestras relaciones con ellos en virtud de la normativa aplicable en materia de protecci\u00f3n de datos de car\u00e1cter personal.<\/p>\n\n\n\n<p>Este sitio web est\u00e1 alojado en&nbsp;<strong>TEDRA HOLDING SPAIN S.L<\/strong>. , con marca comercial&nbsp;<strong>TEDRA HOLDING SPAIN<\/strong>, que proporciona los servicios de hosting para que puedas acceder y navegar por nuestro sitio. Puedes consultar la pol\u00edtica de privacidad y dem\u00e1s aspectos legales de esta empresa en el siguiente enlace:&nbsp;<strong><a href=\"https:\/\/www.tedra.es\/\" data-type=\"URL\" data-id=\"https:\/\/www.tedra.es\/\"><mark style=\"background-color:rgba(0, 0, 0, 0)\" class=\"has-inline-color has-vivid-green-cyan-color\">https:\/\/www.tedra.es\/<\/mark><\/a><\/strong><\/p>\n\n\n\n<p><strong>MEDIDAS DE SEGURIDAD<\/strong><\/p>\n\n\n\n<p>Como titular de la web<strong>, Elealcuadrado<\/strong>&nbsp;ha adoptado todas las medidas t\u00e9cnicas y de organizaci\u00f3n necesaria para garantizar la seguridad e integridad de los datos de car\u00e1cter personal que trate, as\u00ed como para evitar su p\u00e9rdida, alteraci\u00f3n y\/o acceso por parte de terceros no autorizados.<\/p>\n\n\n\n<p>Te recordamos que, para m\u00e1s informaci\u00f3n, puedes consultar nuestras p\u00e1ginas de&nbsp;<strong>Aviso Legal<\/strong>&nbsp;y&nbsp;<strong>Pol\u00edtica de Cookies.<\/strong><\/p>\n\n\n\n<div style=\"height:100px\" aria-hidden=\"true\" class=\"wp-block-spacer\"><\/div>\n","protected":false},"excerpt":{"rendered":"<p>Si est\u00e1s aqu\u00ed es porque quieres saber m\u00e1s sobre las obligaciones y derechos que te corresponden como usuario de esta web&nbsp;http:\/\/elealcuadradodg.com&nbsp;y eso est\u00e1 muy bien. Nuestro deber es informarte y el tuyo estar debidamente informado. En esta Pol\u00edtica de Privacidad te informaremos con total transparencia&#8230;<\/p>\n","protected":false},"author":1,"featured_media":0,"parent":0,"menu_order":0,"comment_status":"closed","ping_status":"closed","template":"","meta":{"footnotes":""},"class_list":["post-52138","page","type-page","status-publish","hentry"],"_links":{"self":[{"href":"https:\/\/elealcuadradodg.com\/portal\/wp-json\/wp\/v2\/pages\/52138","targetHints":{"allow":["GET"]}}],"collection":[{"href":"https:\/\/elealcuadradodg.com\/portal\/wp-json\/wp\/v2\/pages"}],"about":[{"href":"https:\/\/elealcuadradodg.com\/portal\/wp-json\/wp\/v2\/types\/page"}],"author":[{"embeddable":true,"href":"https:\/\/elealcuadradodg.com\/portal\/wp-json\/wp\/v2\/users\/1"}],"replies":[{"embeddable":true,"href":"https:\/\/elealcuadradodg.com\/portal\/wp-json\/wp\/v2\/comments?post=52138"}],"version-history":[{"count":0,"href":"https:\/\/elealcuadradodg.com\/portal\/wp-json\/wp\/v2\/pages\/52138\/revisions"}],"wp:attachment":[{"href":"https:\/\/elealcuadradodg.com\/portal\/wp-json\/wp\/v2\/media?parent=52138"}],"curies":[{"name":"wp","href":"https:\/\/api.w.org\/{rel}","templated":true}]}}